{"id":1017,"date":"2023-05-02T13:54:42","date_gmt":"2023-05-02T17:54:42","guid":{"rendered":"https:\/\/www.conformit.com\/get-started\/"},"modified":"2023-06-01T15:37:54","modified_gmt":"2023-06-01T19:37:54","slug":"demarrer","status":"publish","type":"page","link":"https:\/\/www.conformit.com\/fr\/demarrer\/","title":{"rendered":"D\u00e9marrer"},"content":{"rendered":"","protected":false},"excerpt":{"rendered":"","protected":false},"author":1,"featured_media":0,"parent":0,"menu_order":0,"comment_status":"closed","ping_status":"closed","template":"page-templates\/template-demo.php","meta":{"_acf_changed":false,"content-type":"","_monsterinsights_skip_tracking":false,"_monsterinsights_sitenote_active":false,"_monsterinsights_sitenote_note":"","_monsterinsights_sitenote_category":0,"footnotes":""},"class_list":["post-1017","page","type-page","status-publish","hentry"],"acf":[],"yoast_head":"<!-- This site is optimized with the Yoast SEO plugin v27.3 - https:\/\/yoast.com\/product\/yoast-seo-wordpress\/ -->\n<title>D\u00e9marrer - CONFORMiT<\/title>\n<meta name=\"description\" content=\"Faites votre demande de d\u00e9marrage avec l&#039;assistant SSE pour les petites \u00e9quipes de 1 \u00e0 5 utilisateurs. Seulement 69$ par utilisateur.\" \/>\n<meta name=\"robots\" content=\"index, follow, max-snippet:-1, max-image-preview:large, max-video-preview:-1\" \/>\n<link rel=\"canonical\" href=\"https:\/\/www.conformit.com\/fr\/demarrer\/\" \/>\n<meta property=\"og:locale\" content=\"fr_FR\" \/>\n<meta property=\"og:type\" content=\"article\" \/>\n<meta property=\"og:title\" content=\"D\u00e9marrer - CONFORMiT\" \/>\n<meta property=\"og:description\" content=\"Faites votre demande de d\u00e9marrage avec l&#039;assistant SSE pour les petites \u00e9quipes de 1 \u00e0 5 utilisateurs. Seulement 69$ par utilisateur.\" \/>\n<meta property=\"og:url\" content=\"https:\/\/www.conformit.com\/fr\/demarrer\/\" \/>\n<meta property=\"og:site_name\" content=\"CONFORMiT\" \/>\n<meta property=\"article:publisher\" content=\"https:\/\/www.facebook.com\/conformit\" \/>\n<meta property=\"article:modified_time\" content=\"2023-06-01T19:37:54+00:00\" \/>\n<meta name=\"twitter:card\" content=\"summary_large_image\" \/>\n<meta name=\"twitter:site\" content=\"@conformit_ehs\" \/>\n<script type=\"application\/ld+json\" class=\"yoast-schema-graph\">{\"@context\":\"https:\\\/\\\/schema.org\",\"@graph\":[{\"@type\":\"WebPage\",\"@id\":\"https:\\\/\\\/www.conformit.com\\\/fr\\\/demarrer\\\/\",\"url\":\"https:\\\/\\\/www.conformit.com\\\/fr\\\/demarrer\\\/\",\"name\":\"D\u00e9marrer - CONFORMiT\",\"isPartOf\":{\"@id\":\"https:\\\/\\\/www.conformit.com\\\/fr\\\/#website\"},\"datePublished\":\"2023-05-02T17:54:42+00:00\",\"dateModified\":\"2023-06-01T19:37:54+00:00\",\"description\":\"Faites votre demande de d\u00e9marrage avec l'assistant SSE pour les petites \u00e9quipes de 1 \u00e0 5 utilisateurs. Seulement 69$ par utilisateur.\",\"breadcrumb\":{\"@id\":\"https:\\\/\\\/www.conformit.com\\\/fr\\\/demarrer\\\/#breadcrumb\"},\"inLanguage\":\"fr-FR\",\"potentialAction\":[{\"@type\":\"ReadAction\",\"target\":[\"https:\\\/\\\/www.conformit.com\\\/fr\\\/demarrer\\\/\"]}]},{\"@type\":\"BreadcrumbList\",\"@id\":\"https:\\\/\\\/www.conformit.com\\\/fr\\\/demarrer\\\/#breadcrumb\",\"itemListElement\":[{\"@type\":\"ListItem\",\"position\":1,\"name\":\"Home\",\"item\":\"https:\\\/\\\/www.conformit.com\\\/fr\\\/\"},{\"@type\":\"ListItem\",\"position\":2,\"name\":\"D\u00e9marrer\"}]},{\"@type\":\"WebSite\",\"@id\":\"https:\\\/\\\/www.conformit.com\\\/fr\\\/#website\",\"url\":\"https:\\\/\\\/www.conformit.com\\\/fr\\\/\",\"name\":\"CONFORMiT: EHS Management Software\",\"description\":\"Le logiciel SST le plus intuitif sur le march\u00e9\",\"publisher\":{\"@id\":\"https:\\\/\\\/www.conformit.com\\\/fr\\\/#organization\"},\"potentialAction\":[{\"@type\":\"SearchAction\",\"target\":{\"@type\":\"EntryPoint\",\"urlTemplate\":\"https:\\\/\\\/www.conformit.com\\\/fr\\\/?s={search_term_string}\"},\"query-input\":{\"@type\":\"PropertyValueSpecification\",\"valueRequired\":true,\"valueName\":\"search_term_string\"}}],\"inLanguage\":\"fr-FR\"},{\"@type\":\"Organization\",\"@id\":\"https:\\\/\\\/www.conformit.com\\\/fr\\\/#organization\",\"name\":\"CONFORMiT: EHS Management Software\",\"url\":\"https:\\\/\\\/www.conformit.com\\\/fr\\\/\",\"logo\":{\"@type\":\"ImageObject\",\"inLanguage\":\"fr-FR\",\"@id\":\"https:\\\/\\\/www.conformit.com\\\/fr\\\/#\\\/schema\\\/logo\\\/image\\\/\",\"url\":\"https:\\\/\\\/www.conformit.com\\\/wp-content\\\/uploads\\\/2023\\\/05\\\/logo-cit2-3.png\",\"contentUrl\":\"https:\\\/\\\/www.conformit.com\\\/wp-content\\\/uploads\\\/2023\\\/05\\\/logo-cit2-3.png\",\"width\":1000,\"height\":300,\"caption\":\"CONFORMiT: EHS Management Software\"},\"image\":{\"@id\":\"https:\\\/\\\/www.conformit.com\\\/fr\\\/#\\\/schema\\\/logo\\\/image\\\/\"},\"sameAs\":[\"https:\\\/\\\/www.facebook.com\\\/conformit\",\"https:\\\/\\\/x.com\\\/conformit_ehs\",\"https:\\\/\\\/www.linkedin.com\\\/company\\\/conformit\\\/\",\"https:\\\/\\\/www.youtube.com\\\/@CONFORMiT\"]}]}<\/script>\n<!-- \/ Yoast SEO plugin. -->","yoast_head_json":{"title":"D\u00e9marrer - CONFORMiT","description":"Faites votre demande de d\u00e9marrage avec l'assistant SSE pour les petites \u00e9quipes de 1 \u00e0 5 utilisateurs. Seulement 69$ par utilisateur.","robots":{"index":"index","follow":"follow","max-snippet":"max-snippet:-1","max-image-preview":"max-image-preview:large","max-video-preview":"max-video-preview:-1"},"canonical":"https:\/\/www.conformit.com\/fr\/demarrer\/","og_locale":"fr_FR","og_type":"article","og_title":"D\u00e9marrer - CONFORMiT","og_description":"Faites votre demande de d\u00e9marrage avec l'assistant SSE pour les petites \u00e9quipes de 1 \u00e0 5 utilisateurs. Seulement 69$ par utilisateur.","og_url":"https:\/\/www.conformit.com\/fr\/demarrer\/","og_site_name":"CONFORMiT","article_publisher":"https:\/\/www.facebook.com\/conformit","article_modified_time":"2023-06-01T19:37:54+00:00","twitter_card":"summary_large_image","twitter_site":"@conformit_ehs","schema":{"@context":"https:\/\/schema.org","@graph":[{"@type":"WebPage","@id":"https:\/\/www.conformit.com\/fr\/demarrer\/","url":"https:\/\/www.conformit.com\/fr\/demarrer\/","name":"D\u00e9marrer - CONFORMiT","isPartOf":{"@id":"https:\/\/www.conformit.com\/fr\/#website"},"datePublished":"2023-05-02T17:54:42+00:00","dateModified":"2023-06-01T19:37:54+00:00","description":"Faites votre demande de d\u00e9marrage avec l'assistant SSE pour les petites \u00e9quipes de 1 \u00e0 5 utilisateurs. Seulement 69$ par utilisateur.","breadcrumb":{"@id":"https:\/\/www.conformit.com\/fr\/demarrer\/#breadcrumb"},"inLanguage":"fr-FR","potentialAction":[{"@type":"ReadAction","target":["https:\/\/www.conformit.com\/fr\/demarrer\/"]}]},{"@type":"BreadcrumbList","@id":"https:\/\/www.conformit.com\/fr\/demarrer\/#breadcrumb","itemListElement":[{"@type":"ListItem","position":1,"name":"Home","item":"https:\/\/www.conformit.com\/fr\/"},{"@type":"ListItem","position":2,"name":"D\u00e9marrer"}]},{"@type":"WebSite","@id":"https:\/\/www.conformit.com\/fr\/#website","url":"https:\/\/www.conformit.com\/fr\/","name":"CONFORMiT: EHS Management Software","description":"Le logiciel SST le plus intuitif sur le march\u00e9","publisher":{"@id":"https:\/\/www.conformit.com\/fr\/#organization"},"potentialAction":[{"@type":"SearchAction","target":{"@type":"EntryPoint","urlTemplate":"https:\/\/www.conformit.com\/fr\/?s={search_term_string}"},"query-input":{"@type":"PropertyValueSpecification","valueRequired":true,"valueName":"search_term_string"}}],"inLanguage":"fr-FR"},{"@type":"Organization","@id":"https:\/\/www.conformit.com\/fr\/#organization","name":"CONFORMiT: EHS Management Software","url":"https:\/\/www.conformit.com\/fr\/","logo":{"@type":"ImageObject","inLanguage":"fr-FR","@id":"https:\/\/www.conformit.com\/fr\/#\/schema\/logo\/image\/","url":"https:\/\/www.conformit.com\/wp-content\/uploads\/2023\/05\/logo-cit2-3.png","contentUrl":"https:\/\/www.conformit.com\/wp-content\/uploads\/2023\/05\/logo-cit2-3.png","width":1000,"height":300,"caption":"CONFORMiT: EHS Management Software"},"image":{"@id":"https:\/\/www.conformit.com\/fr\/#\/schema\/logo\/image\/"},"sameAs":["https:\/\/www.facebook.com\/conformit","https:\/\/x.com\/conformit_ehs","https:\/\/www.linkedin.com\/company\/conformit\/","https:\/\/www.youtube.com\/@CONFORMiT"]}]}},"_links":{"self":[{"href":"https:\/\/www.conformit.com\/fr\/wp-json\/wp\/v2\/pages\/1017","targetHints":{"allow":["GET"]}}],"collection":[{"href":"https:\/\/www.conformit.com\/fr\/wp-json\/wp\/v2\/pages"}],"about":[{"href":"https:\/\/www.conformit.com\/fr\/wp-json\/wp\/v2\/types\/page"}],"author":[{"embeddable":true,"href":"https:\/\/www.conformit.com\/fr\/wp-json\/wp\/v2\/users\/1"}],"replies":[{"embeddable":true,"href":"https:\/\/www.conformit.com\/fr\/wp-json\/wp\/v2\/comments?post=1017"}],"version-history":[{"count":1,"href":"https:\/\/www.conformit.com\/fr\/wp-json\/wp\/v2\/pages\/1017\/revisions"}],"predecessor-version":[{"id":3663,"href":"https:\/\/www.conformit.com\/fr\/wp-json\/wp\/v2\/pages\/1017\/revisions\/3663"}],"wp:attachment":[{"href":"https:\/\/www.conformit.com\/fr\/wp-json\/wp\/v2\/media?parent=1017"}],"curies":[{"name":"wp","href":"https:\/\/api.w.org\/{rel}","templated":true}]}}